{"id":14,"date":"2013-05-25T05:52:55","date_gmt":"2013-05-25T03:52:55","guid":{"rendered":"http:\/\/www.urlaub-in-stein.de\/?page_id=14"},"modified":"2013-09-10T20:24:35","modified_gmt":"2013-09-10T18:24:35","slug":"stadte-und-dorfer","status":"publish","type":"page","link":"https:\/\/www.derblauetraum.de\/?page_id=14","title":{"rendered":"St\u00e4dte und D\u00f6rfer"},"content":{"rendered":"<p>&nbsp;<\/p>\n<p><a href=\"http:\/\/www.laboe.de\/\">Laboe<\/a>\u00a0bietet neben seinem\u00a0<a href=\"http:\/\/www.deutscher-marinebund.de\/geschichte_me.htm\">Marine-Ehrenmal<\/a>\u00a0die M\u00f6glichkeit ein\u00a0<a href=\"http:\/\/www.deutscher-marinebund.de\/u995_geschichte.htm\">U-Boot au\u00dfer Dienst<\/a>\u00a0und ein technisches Museum zu besichtigen. Die Promenade l\u00e4dt zum Schlender und Verweilen in den kleinen Cafes und L\u00e4dchen ein. Laboe verf\u00fcgt au\u00dferdem \u00fcber einen\u00a0<a href=\"http:\/\/www.yachthafen-laboe.de\/\">Yacht-Hafen<\/a>\u00a0und einen Anleger der\u00a0<a href=\"http:\/\/www.sfk-kiel.de\/de\/faehrlinien\/foerde\/\">F\u00f6rde-F\u00e4hrlinie<\/a>. Von hier aus l\u00e4sst es sich bequem nach Kiel &#8222;schippern&#8220;.<\/p>\n<p>&nbsp;<\/p>\n<p>&nbsp;<\/p>\n<p><img decoding=\"async\" loading=\"lazy\" class=\"alignright\" alt=\"\" src=\"http:\/\/upload.wikimedia.org\/wikipedia\/commons\/thumb\/2\/29\/Kiel-Wappen.svg\/200px-Kiel-Wappen.svg.png\" width=\"200\" height=\"211\" \/><\/p>\n<p><a href=\"http:\/\/www.kiel.de\/\">Deutschlands n\u00f6rdlichste Landeshauptstadt<\/a>\u00a0zeigt Charme und maritimes Flair. Neben dem um 1900 erbauten Rathaus mit seinem 106m hohen Turm, dem Geburtshaus von Max Planck, dem Mitte des 13. Jahrhunderts erbauten Franziskaner-Klosters im Herzen der Stadt und der Nikolai-Kirche am Alten Markt mit Ihrem achteckigen Spitzhelm, ist auch ein Besuch im Museumshafen empfehlenswert. F\u00fcr Kinder bietet sich das\u00a0<a href=\"http:\/\/www.geomar.de\/\">Kieler Institut f\u00fcr Meereskunde mit seinem Aquarium<\/a>\u00a0und Seehundbecken an. Ende Juli steht die gesamte Stadt unter dem Motto eines der weltweit gr\u00f6\u00dften Segelsportereignisse, der\u00a0<a href=\"http:\/\/www.kieler-woche.de\/\">Kieler Woche<\/a>.<\/p>\n<p>&nbsp;<\/p>\n<p>&nbsp;<\/p>\n<p>Geheimtipp mit Flair: auf dem Weg nach Pl\u00f6n lohnt sich ein Abstecher zum\u00a0<a href=\"http:\/\/www.gutpanker.de\/\">Gut Panker<\/a>\u00a0mit seinem Herrenhaus mit prunkvollem Garten. Die unz\u00e4hligen kleinen Geb\u00e4ude beherbergen heute Kunst- und Handwerksl\u00e4den.<\/p>\n<p>&nbsp;<\/p>\n","protected":false},"excerpt":{"rendered":"<p>&nbsp; Laboe\u00a0bietet neben seinem\u00a0Marine-Ehrenmal\u00a0die M\u00f6glichkeit ein\u00a0U-Boot au\u00dfer Dienst\u00a0und ein technisches Museum zu besichtigen. Die Promenade l\u00e4dt zum Schlender und Verweilen in den kleinen Cafes und L\u00e4dchen ein. Laboe verf\u00fcgt au\u00dferdem \u00fcber einen\u00a0Yacht-Hafen\u00a0und einen Anleger der\u00a0F\u00f6rde-F\u00e4hrlinie. Von hier aus l\u00e4sst es sich bequem nach Kiel &#8222;schippern&#8220;. &nbsp; &nbsp; Deutschlands n\u00f6rdlichste Landeshauptstadt\u00a0zeigt &#8230;<\/p>\n","protected":false},"author":1,"featured_media":0,"parent":7,"menu_order":0,"comment_status":"closed","ping_status":"open","template":"","meta":[],"_links":{"self":[{"href":"https:\/\/www.derblauetraum.de\/index.php?rest_route=\/wp\/v2\/pages\/14"}],"collection":[{"href":"https:\/\/www.derblauetraum.de\/index.php?rest_route=\/wp\/v2\/pages"}],"about":[{"href":"https:\/\/www.derblauetraum.de\/index.php?rest_route=\/wp\/v2\/types\/page"}],"author":[{"embeddable":true,"href":"https:\/\/www.derblauetraum.de\/index.php?rest_route=\/wp\/v2\/users\/1"}],"replies":[{"embeddable":true,"href":"https:\/\/www.derblauetraum.de\/index.php?rest_route=%2Fwp%2Fv2%2Fcomments&post=14"}],"version-history":[{"count":6,"href":"https:\/\/www.derblauetraum.de\/index.php?rest_route=\/wp\/v2\/pages\/14\/revisions"}],"predecessor-version":[{"id":251,"href":"https:\/\/www.derblauetraum.de\/index.php?rest_route=\/wp\/v2\/pages\/14\/revisions\/251"}],"up":[{"embeddable":true,"href":"https:\/\/www.derblauetraum.de\/index.php?rest_route=\/wp\/v2\/pages\/7"}],"wp:attachment":[{"href":"https:\/\/www.derblauetraum.de\/index.php?rest_route=%2Fwp%2Fv2%2Fmedia&parent=14"}],"curies":[{"name":"wp","href":"https:\/\/api.w.org\/{rel}","templated":true}]}}