{"id":77,"date":"2013-05-26T09:23:14","date_gmt":"2013-05-26T07:23:14","guid":{"rendered":"http:\/\/www.urlaub-in-stein.de\/?page_id=77"},"modified":"2024-10-21T14:53:54","modified_gmt":"2024-10-21T12:53:54","slug":"yacht-b","status":"publish","type":"page","link":"https:\/\/www.derblauetraum.de\/?page_id=77","title":{"rendered":"Yacht B"},"content":{"rendered":"<p><a href=\"http:\/\/www.derblauetraum.de\/wp-content\/uploads\/2013\/05\/DSC_3889_small.jpg\"><img decoding=\"async\" loading=\"lazy\" class=\"size-thumbnail wp-image-85 alignright\" alt=\"DSC_3889_small\" src=\"http:\/\/www.derblauetraum.de\/wp-content\/uploads\/2013\/05\/DSC_3889_small-150x150.jpg\" width=\"150\" height=\"150\" srcset=\"https:\/\/www.derblauetraum.de\/wp-content\/uploads\/2013\/05\/DSC_3889_small-150x150.jpg 150w, https:\/\/www.derblauetraum.de\/wp-content\/uploads\/2013\/05\/DSC_3889_small-432x432.jpg 432w, https:\/\/www.derblauetraum.de\/wp-content\/uploads\/2013\/05\/DSC_3889_small-268x268.jpg 268w\" sizes=\"(max-width: 150px) 100vw, 150px\" \/><\/a>Yacht B ist die ideale Ferienwohnung f\u00fcr Paare oder kleine Familien. Die ca. 65 qm gro\u00dfe Wohnung ist ausgerichtet f\u00fcr bis zu 5 Personen. Auch hier soll es Ihnen im Urlaub an nichts fehlen. Die K\u00fcche ist komplett eingerichtet mit Kaffeemaschine, Toaster, Wasserkocher, Mikrowelle, Sp\u00fclmaschine, K\u00fchlschrank mit Tiefk\u00fchlfach und mit viel Liebe zum Detail augestattet.<\/p>\n<p>Im modernen Wohn-\/Essbereich finden Sie bequeme Sitzgelegenheiten (inkl. Schlafcouch). F\u00fcr Behaglichkeit an k\u00fchleren Tagen sorgt ein d\u00e4nischer Kaminofen. Nat\u00fcrlich gibt es auch einen Fernseher mit Sat-Empfang, DVD-Player und ein Radio mit CD.<\/p>\n<p>Selbst an die einfachen Dinge wie Korkenzieher, Dosen\u00f6ffner, Messerblock, Salz und Pfeffer, ausreichend Teelichter und Streichh\u00f6lzer wurde gedacht.<\/p>\n<p><a href=\"http:\/\/www.derblauetraum.de\/wp-content\/uploads\/2013\/05\/DSC_3966_small.jpg\"><img decoding=\"async\" loading=\"lazy\" class=\"size-thumbnail wp-image-90 alignright\" alt=\"DSC_3966_small\" src=\"http:\/\/www.derblauetraum.de\/wp-content\/uploads\/2013\/05\/DSC_3966_small-150x150.jpg\" width=\"150\" height=\"150\" srcset=\"https:\/\/www.derblauetraum.de\/wp-content\/uploads\/2013\/05\/DSC_3966_small-150x150.jpg 150w, https:\/\/www.derblauetraum.de\/wp-content\/uploads\/2013\/05\/DSC_3966_small-432x432.jpg 432w, https:\/\/www.derblauetraum.de\/wp-content\/uploads\/2013\/05\/DSC_3966_small-268x268.jpg 268w\" sizes=\"(max-width: 150px) 100vw, 150px\" \/><\/a>Das Schlafzimmer ist mit einem Doppelbett (180&#215;200), einem gro\u00dfen Kleiderschrank und Nachttischschr\u00e4nken ausgestattet. Es hat zus\u00e4tzlich ein drittes Bett (90&#215;200) und einen TV. Die Nutzung der Bettw\u00e4sche ist im Preis inbegriffen.<\/p>\n<p>Von der Diele ab befindet sich ein gro\u00dfz\u00fcgiges Bad mit Dusche, WC und viel Platz und selbstverst\u00e4ndlich Waschmaschine und Trockner.<\/p>\n<p>Es steht f\u00fcr Sie bei Bedarf auch ein Kinderbett\/-stuhl oder Spielzeug bereit!<\/p>\n<p>Hunde und andere Haustiere sind nach Absprache mit uns in der Ferienwohnung ebenfalls herzlichst willkommen.<\/p>\n","protected":false},"excerpt":{"rendered":"<p>Yacht B ist die ideale Ferienwohnung f\u00fcr Paare oder kleine Familien. Die ca. 65 qm gro\u00dfe Wohnung ist ausgerichtet f\u00fcr bis zu 5 Personen. Auch hier soll es Ihnen im Urlaub an nichts fehlen. Die K\u00fcche ist komplett eingerichtet mit Kaffeemaschine, Toaster, Wasserkocher, Mikrowelle, Sp\u00fclmaschine, K\u00fchlschrank mit Tiefk\u00fchlfach und mit &#8230;<\/p>\n","protected":false},"author":1,"featured_media":0,"parent":0,"menu_order":0,"comment_status":"closed","ping_status":"open","template":"","meta":[],"_links":{"self":[{"href":"https:\/\/www.derblauetraum.de\/index.php?rest_route=\/wp\/v2\/pages\/77"}],"collection":[{"href":"https:\/\/www.derblauetraum.de\/index.php?rest_route=\/wp\/v2\/pages"}],"about":[{"href":"https:\/\/www.derblauetraum.de\/index.php?rest_route=\/wp\/v2\/types\/page"}],"author":[{"embeddable":true,"href":"https:\/\/www.derblauetraum.de\/index.php?rest_route=\/wp\/v2\/users\/1"}],"replies":[{"embeddable":true,"href":"https:\/\/www.derblauetraum.de\/index.php?rest_route=%2Fwp%2Fv2%2Fcomments&post=77"}],"version-history":[{"count":6,"href":"https:\/\/www.derblauetraum.de\/index.php?rest_route=\/wp\/v2\/pages\/77\/revisions"}],"predecessor-version":[{"id":530,"href":"https:\/\/www.derblauetraum.de\/index.php?rest_route=\/wp\/v2\/pages\/77\/revisions\/530"}],"wp:attachment":[{"href":"https:\/\/www.derblauetraum.de\/index.php?rest_route=%2Fwp%2Fv2%2Fmedia&parent=77"}],"curies":[{"name":"wp","href":"https:\/\/api.w.org\/{rel}","templated":true}]}}